{"id":111,"date":"2021-05-05T11:07:51","date_gmt":"2021-05-05T11:07:51","guid":{"rendered":"https:\/\/proresume.de\/?page_id=111"},"modified":"2025-05-07T07:47:25","modified_gmt":"2025-05-07T07:47:25","slug":"cv-review","status":"publish","type":"page","link":"https:\/\/resumewritingservice.de\/deutsch\/cv-review\/","title":{"rendered":"CV Review"},"content":{"rendered":"\t\t<div data-elementor-type=\"wp-page\" data-elementor-id=\"111\" class=\"elementor elementor-111\">\n\t\t\t\t\t\t<section class=\"elementor-section elementor-top-section elementor-element elementor-element-673c43c elementor-section-boxed elementor-section-height-default elementor-section-height-default\" data-id=\"673c43c\" data-element_type=\"section\" data-e-type=\"section\" data-settings=\"{&quot;background_background&quot;:&quot;gradient&quot;}\">\n\t\t\t\t\t\t\t<div class=\"elementor-background-overlay\"><\/div>\n\t\t\t\t\t\t\t<div class=\"elementor-container elementor-column-gap-default\">\n\t\t\t\t\t<div class=\"elementor-column elementor-col-100 elementor-top-column elementor-element elementor-element-f31b805\" data-id=\"f31b805\" data-element_type=\"column\" data-e-type=\"column\">\n\t\t\t<div class=\"elementor-widget-wrap elementor-element-populated\">\n\t\t\t\t\t\t<div class=\"elementor-element elementor-element-88b52a3 elementor-mobile-align-center elementor-align-center elementor-widget__width-inherit elementor-widget elementor-widget-button\" data-id=\"88b52a3\" data-element_type=\"widget\" data-e-type=\"widget\" data-widget_type=\"button.default\">\n\t\t\t\t<div class=\"elementor-widget-container\">\n\t\t\t\t\t\t\t\t\t<div class=\"elementor-button-wrapper\">\n\t\t\t\t\t<a class=\"elementor-button elementor-button-link elementor-size-xl\" href=\"https:\/\/resumewritingservice.de\/\">\n\t\t\t\t\t\t<span class=\"elementor-button-content-wrapper\">\n\t\t\t\t\t\t\t\t\t<span class=\"elementor-button-text\">KLICKEN SIE HIER, UM DIE ENGLISCHSPRACHIGE WEBSITE ZU BESUCHEN<\/span>\n\t\t\t\t\t<\/span>\n\t\t\t\t\t<\/a>\n\t\t\t\t<\/div>\n\t\t\t\t\t\t\t\t<\/div>\n\t\t\t\t<\/div>\n\t\t\t\t\t<\/div>\n\t\t<\/div>\n\t\t\t\t\t<\/div>\n\t\t<\/section>\n\t\t\t\t<section class=\"elementor-section elementor-top-section elementor-element elementor-element-71d2becd elementor-section-boxed elementor-section-height-default elementor-section-height-default\" data-id=\"71d2becd\" data-element_type=\"section\" data-e-type=\"section\">\n\t\t\t\t\t\t<div class=\"elementor-container elementor-column-gap-default\">\n\t\t\t\t\t<div class=\"elementor-column elementor-col-50 elementor-top-column elementor-element elementor-element-32794c56\" data-id=\"32794c56\" data-element_type=\"column\" data-e-type=\"column\">\n\t\t\t<div class=\"elementor-widget-wrap elementor-element-populated\">\n\t\t\t\t\t\t<div class=\"elementor-element elementor-element-4c24c79d elementor-widget elementor-widget-text-editor\" data-id=\"4c24c79d\" data-element_type=\"widget\" data-e-type=\"widget\" data-widget_type=\"text-editor.default\">\n\t\t\t\t<div class=\"elementor-widget-container\">\n\t\t\t\t\t\t\t\t\t<h2 style=\"text-align: center;\"><span style=\"color: #000080;\">Ein KOSTENLOSES, unverbindliches Lebenslauf-Feedback \u2013 Senden Sie mir einfach jetzt eine E-Mail!<\/span><\/h2><p style=\"text-align: center;\">\u00dcber 10 Jahre habe ich festgestellt, dass der beste Weg, den Lebenslaufschreibprozess zu beginnen, darin besteht, Ihren aktuellen Lebenslauf hochzuladen, damit ich einen ersten \u00dcberblick \u00fcber Ihren Berufsweg, Ihre F\u00e4higkeiten, Ausbildung und Expertise sowie Talente und Erfolge, die einzigartig f\u00fcr Sie sind, bekommen kann. Ich gehe jeden Lebenslauf im Detail durch, weise auf potenzielle \u00c4nderungen und Verbesserungen hin, um die Eignung und Machbarkeit Ihres aktuellen Lebenslaufs zu steigern. Denken Sie daran, dies ist eine unverbindliche Lebenslaufbewertung, die (wenn Sie mit mir arbeiten m\u00f6chten) einen festen Preis und eine gesch\u00e4tzte Lieferzeit beinhalten wird. Sie haben nichts zu verlieren und alles zu gewinnen. Senden Sie mir jetzt Ihren Lebenslauf per E-Mail.<\/p>\t\t\t\t\t\t\t\t<\/div>\n\t\t\t\t<\/div>\n\t\t\t\t\t<\/div>\n\t\t<\/div>\n\t\t\t\t<div class=\"elementor-column elementor-col-50 elementor-top-column elementor-element elementor-element-82f1aab\" data-id=\"82f1aab\" data-element_type=\"column\" data-e-type=\"column\">\n\t\t\t<div class=\"elementor-widget-wrap elementor-element-populated\">\n\t\t\t\t\t\t<div class=\"elementor-element elementor-element-cb83295 elementor-widget elementor-widget-image\" data-id=\"cb83295\" data-element_type=\"widget\" data-e-type=\"widget\" data-widget_type=\"image.default\">\n\t\t\t\t<div class=\"elementor-widget-container\">\n\t\t\t\t\t\t\t\t\t\t\t\t\t\t\t<img fetchpriority=\"high\" decoding=\"async\" width=\"590\" height=\"298\" src=\"https:\/\/resumewritingservice.de\/deutsch\/wp-content\/uploads\/2024\/10\/germamy_rebrand-1.png\" class=\"attachment-large size-large wp-image-1327\" alt=\"\" srcset=\"https:\/\/resumewritingservice.de\/deutsch\/wp-content\/uploads\/2024\/10\/germamy_rebrand-1.png 590w, https:\/\/resumewritingservice.de\/deutsch\/wp-content\/uploads\/2024\/10\/germamy_rebrand-1-300x152.png 300w\" sizes=\"(max-width: 590px) 100vw, 590px\" \/>\t\t\t\t\t\t\t\t\t\t\t\t\t\t\t<\/div>\n\t\t\t\t<\/div>\n\t\t\t\t\t<\/div>\n\t\t<\/div>\n\t\t\t\t\t<\/div>\n\t\t<\/section>\n\t\t\t\t<section class=\"elementor-section elementor-top-section elementor-element elementor-element-694dc9d elementor-section-boxed elementor-section-height-default elementor-section-height-default\" data-id=\"694dc9d\" data-element_type=\"section\" data-e-type=\"section\">\n\t\t\t\t\t\t<div class=\"elementor-container elementor-column-gap-default\">\n\t\t\t\t\t<div class=\"elementor-column elementor-col-100 elementor-top-column elementor-element elementor-element-29fda2c\" data-id=\"29fda2c\" data-element_type=\"column\" data-e-type=\"column\">\n\t\t\t<div class=\"elementor-widget-wrap elementor-element-populated\">\n\t\t\t\t\t\t<div class=\"elementor-element elementor-element-b8e415f elementor-widget elementor-widget-text-editor\" data-id=\"b8e415f\" data-element_type=\"widget\" data-e-type=\"widget\" data-widget_type=\"text-editor.default\">\n\t\t\t\t<div class=\"elementor-widget-container\">\n\t\t\t\t\t\t\t\t\t<h1 style=\"text-align: center;\"><span style=\"color: #000080;\">BEGINNEN SIE JETZT DEN PROZESS \u2013 LADEN SIE IHREN AKTUELLEN LEBENSLAUF UNTEN HOCH<\/span><\/h1><p style=\"text-align: center;\">\n<div class=\"wpcf7 no-js\" id=\"wpcf7-f5-o1\" lang=\"en-US\" dir=\"ltr\" data-wpcf7-id=\"5\">\n<div class=\"screen-reader-response\"><p role=\"status\" aria-live=\"polite\" aria-atomic=\"true\"><\/p> <ul><\/ul><\/div>\n<form action=\"\/deutsch\/wp-json\/wp\/v2\/pages\/111#wpcf7-f5-o1\" method=\"post\" class=\"wpcf7-form init\" aria-label=\"Contact form\" enctype=\"multipart\/form-data\" novalidate=\"novalidate\" data-status=\"init\">\n<fieldset class=\"hidden-fields-container\"><input type=\"hidden\" name=\"_wpcf7\" value=\"5\" \/><input type=\"hidden\" name=\"_wpcf7_version\" value=\"6.1.5\" \/><input type=\"hidden\" name=\"_wpcf7_locale\" value=\"en_US\" \/><input type=\"hidden\" name=\"_wpcf7_unit_tag\" value=\"wpcf7-f5-o1\" \/><input type=\"hidden\" name=\"_wpcf7_container_post\" value=\"0\" \/><input type=\"hidden\" name=\"_wpcf7_posted_data_hash\" value=\"\" \/>\n<\/fieldset>\n<p><label> Your Name (required)<br \/>\n<span class=\"wpcf7-form-control-wrap\" data-name=\"your-name\"><input size=\"40\" maxlength=\"400\" class=\"wpcf7-form-control wpcf7-text wpcf7-validates-as-required\" aria-required=\"true\" aria-invalid=\"false\" value=\"\" type=\"text\" name=\"your-name\" \/><\/span> <\/label>\n<\/p>\n<p><label> Your Email (required)<br \/>\n<span class=\"wpcf7-form-control-wrap\" data-name=\"your-email\"><input size=\"40\" maxlength=\"400\" class=\"wpcf7-form-control wpcf7-email wpcf7-validates-as-required wpcf7-text wpcf7-validates-as-email\" aria-required=\"true\" aria-invalid=\"false\" value=\"\" type=\"email\" name=\"your-email\" \/><\/span> <\/label>\n<\/p>\n<p><label> Subject<br \/>\n<span class=\"wpcf7-form-control-wrap\" data-name=\"your-subject\"><input size=\"40\" maxlength=\"400\" class=\"wpcf7-form-control wpcf7-text wpcf7-validates-as-required\" aria-required=\"true\" aria-invalid=\"false\" value=\"\" type=\"text\" name=\"your-subject\" \/><\/span> <\/label>\n<\/p>\n<p><label> Your Message<br \/>\n<span class=\"wpcf7-form-control-wrap\" data-name=\"your-message\"><input size=\"40\" maxlength=\"400\" class=\"wpcf7-form-control wpcf7-text wpcf7-validates-as-required\" aria-required=\"true\" aria-invalid=\"false\" value=\"\" type=\"text\" name=\"your-message\" \/><\/span> <\/label>\n<\/p>\n<p><label> Please Upload Your Current Resume<br \/>\n<span class=\"wpcf7-form-control-wrap\" data-name=\"file-403\"><input size=\"40\" class=\"wpcf7-form-control wpcf7-file\" accept=\".jpg,.jpeg,.png,.gif,.pdf,.doc,.docx,.odt\" aria-invalid=\"false\" type=\"file\" name=\"file-403\" \/><\/span> <\/label>\n<\/p>\n<p>ANTI &#8211; SPAM: Please Answer the following Question<br \/>\n<span class=\"wpcf7-form-control-wrap\" data-name=\"capital-quiz\"><label><span class=\"wpcf7-quiz-label\">Which is bigger, 2 or 8?<\/span> <input size=\"40\" class=\"wpcf7-form-control wpcf7-quiz\" autocomplete=\"off\" aria-required=\"true\" aria-invalid=\"false\" type=\"text\" name=\"capital-quiz\" \/><\/label><input type=\"hidden\" name=\"_wpcf7_quiz_answer_capital-quiz\" value=\"39b94c8b361c4be46a2f0a87d59a3e36\" \/><\/span>\n<\/p>\n<p><input class=\"wpcf7-form-control wpcf7-submit has-spinner\" type=\"submit\" value=\"Send\" \/>\n<\/p><div class=\"wpcf7-response-output\" aria-hidden=\"true\"><\/div>\n<\/form>\n<\/div>\n<\/p>\t\t\t\t\t\t\t\t<\/div>\n\t\t\t\t<\/div>\n\t\t\t\t\t<\/div>\n\t\t<\/div>\n\t\t\t\t\t<\/div>\n\t\t<\/section>\n\t\t\t\t<section class=\"elementor-section elementor-top-section elementor-element elementor-element-16d3ac7 elementor-section-boxed elementor-section-height-default elementor-section-height-default\" data-id=\"16d3ac7\" data-element_type=\"section\" data-e-type=\"section\">\n\t\t\t\t\t\t<div class=\"elementor-container elementor-column-gap-default\">\n\t\t\t\t\t<div class=\"elementor-column elementor-col-50 elementor-top-column elementor-element elementor-element-152fbd6\" data-id=\"152fbd6\" data-element_type=\"column\" data-e-type=\"column\">\n\t\t\t<div class=\"elementor-widget-wrap elementor-element-populated\">\n\t\t\t\t\t\t<div class=\"elementor-element elementor-element-aaff86d elementor-widget elementor-widget-text-editor\" data-id=\"aaff86d\" data-element_type=\"widget\" data-e-type=\"widget\" data-widget_type=\"text-editor.default\">\n\t\t\t\t<div class=\"elementor-widget-container\">\n\t\t\t\t\t\t\t\t\t<h2 style=\"text-align: center;\"><span style=\"color: #000080;\">Verschiedene ma\u00dfgeschneiderte Pakete &#8211; Viele Kunden<\/span><\/h2>\n<p style=\"text-align: center;\">Bei The CV Doctor Services arbeite ich mit einer vielf\u00e4ltigen Gruppe von Kunden zusammen, die auf verschiedene Arten von Jobs abzielen, einschlie\u00dflich, aber nicht beschr\u00e4nkt auf Manager- und F\u00fchrungspositionen. Ich unterst\u00fctze auch Einzelpersonen, die einen verbesserten Lebenslauf suchen, um sie auf der Karriereleiter voranzubringen. Meine Dienstleistungen erstrecken sich \u00fcber verschiedene Branchen und Berufe und umfassen auch Kunden, die herausragende Anschreiben und LinkedIn-Profile w\u00fcnschen. Entdecken Sie unsere drei unterschiedlichen Pakete: Das Manager-Paket richtet sich an Manager, F\u00fchrungskr\u00e4fte und leitende Mitarbeiter; Das Achievers-Paket ist f\u00fcr ehrgeizige Einzelpersonen konzipiert, die sich in wettbewerbsintensiven und anspruchsvollen Umgebungen bewegen; und Das Gold-Paket umfasst einen mit Keywords versehenen und KI-konformen Lebenslauf und ein Anschreiben, ideal f\u00fcr diejenigen, die Positionen in verschiedenen Branchen und Standorten anstreben. Bevor Sie sich f\u00fcr ein Pro Resume-Paket entscheiden, ermutige ich Sie, sich per E-Mail zu melden, um Rat einzuholen oder mir Ihren aktuellen Lebenslauf f\u00fcr eine kostenlose, unverbindliche \u00dcberpr\u00fcfung zu senden.<\/p>\t\t\t\t\t\t\t\t<\/div>\n\t\t\t\t<\/div>\n\t\t\t\t\t<\/div>\n\t\t<\/div>\n\t\t\t\t<div class=\"elementor-column elementor-col-50 elementor-top-column elementor-element elementor-element-c417ccc\" data-id=\"c417ccc\" data-element_type=\"column\" data-e-type=\"column\">\n\t\t\t<div class=\"elementor-widget-wrap elementor-element-populated\">\n\t\t\t\t\t\t<div class=\"elementor-element elementor-element-9a87ccd elementor-widget elementor-widget-video\" data-id=\"9a87ccd\" data-element_type=\"widget\" data-e-type=\"widget\" data-settings=\"{&quot;youtube_url&quot;:&quot;https:\\\/\\\/youtu.be\\\/7Bs_Eg0DfvI?si=zy8XzP2W-1SbUsSf&quot;,&quot;video_type&quot;:&quot;youtube&quot;,&quot;controls&quot;:&quot;yes&quot;}\" data-widget_type=\"video.default\">\n\t\t\t\t<div class=\"elementor-widget-container\">\n\t\t\t\t\t\t\t<div class=\"elementor-wrapper elementor-open-inline\">\n\t\t\t<div class=\"elementor-video\"><\/div>\t\t<\/div>\n\t\t\t\t\t\t<\/div>\n\t\t\t\t<\/div>\n\t\t\t\t\t<\/div>\n\t\t<\/div>\n\t\t\t\t\t<\/div>\n\t\t<\/section>\n\t\t\t\t<section class=\"elementor-section elementor-top-section elementor-element elementor-element-c67ed98 elementor-section-boxed elementor-section-height-default elementor-section-height-default\" data-id=\"c67ed98\" data-element_type=\"section\" data-e-type=\"section\">\n\t\t\t\t\t\t<div class=\"elementor-container elementor-column-gap-default\">\n\t\t\t\t\t<div class=\"elementor-column elementor-col-50 elementor-top-column elementor-element elementor-element-58a5a57\" data-id=\"58a5a57\" data-element_type=\"column\" data-e-type=\"column\">\n\t\t\t<div class=\"elementor-widget-wrap elementor-element-populated\">\n\t\t\t\t\t\t<div class=\"elementor-element elementor-element-c625bab elementor-widget elementor-widget-image\" data-id=\"c625bab\" data-element_type=\"widget\" data-e-type=\"widget\" data-widget_type=\"image.default\">\n\t\t\t\t<div class=\"elementor-widget-container\">\n\t\t\t\t\t\t\t\t\t\t\t\t\t\t\t<img decoding=\"async\" width=\"695\" height=\"458\" src=\"https:\/\/resumewritingservice.de\/deutsch\/wp-content\/uploads\/2024\/10\/hamburg_jobs.png\" class=\"attachment-large size-large wp-image-1329\" alt=\"\" srcset=\"https:\/\/resumewritingservice.de\/deutsch\/wp-content\/uploads\/2024\/10\/hamburg_jobs.png 695w, https:\/\/resumewritingservice.de\/deutsch\/wp-content\/uploads\/2024\/10\/hamburg_jobs-300x198.png 300w\" sizes=\"(max-width: 695px) 100vw, 695px\" \/>\t\t\t\t\t\t\t\t\t\t\t\t\t\t\t<\/div>\n\t\t\t\t<\/div>\n\t\t\t\t\t<\/div>\n\t\t<\/div>\n\t\t\t\t<div class=\"elementor-column elementor-col-50 elementor-top-column elementor-element elementor-element-1832250\" data-id=\"1832250\" data-element_type=\"column\" data-e-type=\"column\">\n\t\t\t<div class=\"elementor-widget-wrap elementor-element-populated\">\n\t\t\t\t\t\t<div class=\"elementor-element elementor-element-bbc6e4c elementor-widget elementor-widget-image\" data-id=\"bbc6e4c\" data-element_type=\"widget\" data-e-type=\"widget\" data-widget_type=\"image.default\">\n\t\t\t\t<div class=\"elementor-widget-container\">\n\t\t\t\t\t\t\t\t\t\t\t\t\t\t\t<img decoding=\"async\" width=\"695\" height=\"409\" src=\"https:\/\/resumewritingservice.de\/deutsch\/wp-content\/uploads\/2024\/10\/Berlin_jobs.png\" class=\"attachment-large size-large wp-image-1331\" alt=\"\" srcset=\"https:\/\/resumewritingservice.de\/deutsch\/wp-content\/uploads\/2024\/10\/Berlin_jobs.png 695w, https:\/\/resumewritingservice.de\/deutsch\/wp-content\/uploads\/2024\/10\/Berlin_jobs-300x177.png 300w\" sizes=\"(max-width: 695px) 100vw, 695px\" \/>\t\t\t\t\t\t\t\t\t\t\t\t\t\t\t<\/div>\n\t\t\t\t<\/div>\n\t\t\t\t\t<\/div>\n\t\t<\/div>\n\t\t\t\t\t<\/div>\n\t\t<\/section>\n\t\t\t\t<section class=\"elementor-section elementor-top-section elementor-element elementor-element-92b446c elementor-section-boxed elementor-section-height-default elementor-section-height-default\" data-id=\"92b446c\" data-element_type=\"section\" data-e-type=\"section\">\n\t\t\t\t\t\t<div class=\"elementor-container elementor-column-gap-default\">\n\t\t\t\t\t<div class=\"elementor-column elementor-col-100 elementor-top-column elementor-element elementor-element-7614755\" data-id=\"7614755\" data-element_type=\"column\" data-e-type=\"column\">\n\t\t\t<div class=\"elementor-widget-wrap elementor-element-populated\">\n\t\t\t\t\t\t<div class=\"elementor-element elementor-element-9b01f44 elementor-widget elementor-widget-text-editor\" data-id=\"9b01f44\" data-element_type=\"widget\" data-e-type=\"widget\" data-widget_type=\"text-editor.default\">\n\t\t\t\t<div class=\"elementor-widget-container\">\n\t\t\t\t\t\t\t\t\t<p><span style=\"color: #000000;\"><strong>Ich habe Kunden unterst\u00fctzt, die vielseitige Rollen wie<\/strong> <\/span>Branch Manager, Operations Manager, Relationship Manager, Wealth Manager, Portfolio Manager, Risk Manager, Compliance Manager, Credit Manager, Treasury Manager, Financial Planning and Analysis (FP&amp;A) Manager, Investment Manager, Asset Manager, Private Banking Manager, Loan Manager, Sales Manager, Underwriting Manager, Audit Manager, Customer Service Manager, Product Manager und Client Services Manager angestrebt haben.<\/p>\t\t\t\t\t\t\t\t<\/div>\n\t\t\t\t<\/div>\n\t\t\t\t\t<\/div>\n\t\t<\/div>\n\t\t\t\t\t<\/div>\n\t\t<\/section>\n\t\t\t\t<section class=\"elementor-section elementor-top-section elementor-element elementor-element-402f1d1 elementor-section-full_width elementor-section-height-default elementor-section-height-default\" data-id=\"402f1d1\" data-element_type=\"section\" data-e-type=\"section\">\n\t\t\t\t\t\t<div class=\"elementor-container elementor-column-gap-default\">\n\t\t\t\t\t<div class=\"elementor-column elementor-col-100 elementor-top-column elementor-element elementor-element-51a62ce\" data-id=\"51a62ce\" data-element_type=\"column\" data-e-type=\"column\">\n\t\t\t<div class=\"elementor-widget-wrap elementor-element-populated\">\n\t\t\t\t\t\t<div class=\"elementor-element elementor-element-0f152e3 elementor-widget elementor-widget-text-editor\" data-id=\"0f152e3\" data-element_type=\"widget\" data-e-type=\"widget\" data-widget_type=\"text-editor.default\">\n\t\t\t\t<div class=\"elementor-widget-container\">\n\t\t\t\t\t\t\t\t\t<p><strong>Englische Dienste zum Verfassen von Lebensl\u00e4ufen: Berlin, Hamburg, M\u00fcnchen, K\u00f6ln, Frankfurt am Main, Essen, Stuttgart, Dortmund, D\u00fcsseldorf, Bremen, Hannover, Leipzig, Duisburg, N\u00fcrnberg, Dresden, Wandsbek, Bochum, Bochum-Hordel, Wuppertal, Bielefeld, Bonn, Mannheim, Marienthal, Karlsruhe, Hamburg-Nord, Wiesbaden, M\u00fcnster, Gelsenkirchen, Aachen, M\u00f6nchengladbach, Augsburg, Eimsb\u00fcttel, Altona, Chemnitz, Braunschweig, Krefeld, Halle (Saale), Hamburg-Mitte, Kiel, Magdeburg, Neue Neustadt, Oberhausen, Freiburg, L\u00fcbeck, Erfurt, Harburg, Hagen, Rostock, Kassel, Hamm, Mainz, Saarbr\u00fccken, Herne, M\u00fclheim, Neuk\u00f6lln, Osnabr\u00fcck, Solingen, Ludwigshafen am Rhein, Leverkusen, Oldenburg, Neuss, Prenzlauer Berg Bezirk, Bezirk Kreuzberg, Potsdam, Heidelberg, Paderborn und Darmstadt.<\/strong><\/p>\t\t\t\t\t\t\t\t<\/div>\n\t\t\t\t<\/div>\n\t\t\t\t\t<\/div>\n\t\t<\/div>\n\t\t\t\t\t<\/div>\n\t\t<\/section>\n\t\t\t\t<\/div>\n\t\t","protected":false},"excerpt":{"rendered":"<p>KLICKEN SIE HIER, UM DIE ENGLISCHSPRACHIGE WEBSITE ZU BESUCHEN Ein KOSTENLOSES, unverbindliches Lebenslauf-Feedback \u2013 Senden Sie mir einfach jetzt eine E-Mail! \u00dcber 10 Jahre habe ich festgestellt, dass der beste Weg, den Lebenslaufschreibprozess zu beginnen, darin besteht, Ihren aktuellen Lebenslauf hochzuladen, damit ich einen ersten \u00dcberblick \u00fcber Ihren Berufsweg, Ihre F\u00e4higkeiten, Ausbildung und Expertise sowie [&hellip;]<\/p>\n","protected":false},"author":1,"featured_media":0,"parent":0,"menu_order":0,"comment_status":"closed","ping_status":"closed","template":"elementor_header_footer","meta":{"ocean_post_layout":"full-width","ocean_both_sidebars_style":"","ocean_both_sidebars_content_width":0,"ocean_both_sidebars_sidebars_width":0,"ocean_sidebar":"0","ocean_second_sidebar":"0","ocean_disable_margins":"enable","ocean_add_body_class":"","ocean_shortcode_before_top_bar":"","ocean_shortcode_after_top_bar":"","ocean_shortcode_before_header":"","ocean_shortcode_after_header":"","ocean_has_shortcode":"","ocean_shortcode_after_title":"","ocean_shortcode_before_footer_widgets":"","ocean_shortcode_after_footer_widgets":"","ocean_shortcode_before_footer_bottom":"","ocean_shortcode_after_footer_bottom":"","ocean_display_top_bar":"default","ocean_display_header":"default","ocean_header_style":"","ocean_center_header_left_menu":"0","ocean_custom_header_template":"0","ocean_custom_logo":0,"ocean_custom_retina_logo":0,"ocean_custom_logo_max_width":0,"ocean_custom_logo_tablet_max_width":0,"ocean_custom_logo_mobile_max_width":0,"ocean_custom_logo_max_height":0,"ocean_custom_logo_tablet_max_height":0,"ocean_custom_logo_mobile_max_height":0,"ocean_header_custom_menu":"0","ocean_menu_typo_font_family":"0","ocean_menu_typo_font_subset":"","ocean_menu_typo_font_size":0,"ocean_menu_typo_font_size_tablet":0,"ocean_menu_typo_font_size_mobile":0,"ocean_menu_typo_font_size_unit":"px","ocean_menu_typo_font_weight":"","ocean_menu_typo_font_weight_tablet":"","ocean_menu_typo_font_weight_mobile":"","ocean_menu_typo_transform":"","ocean_menu_typo_transform_tablet":"","ocean_menu_typo_transform_mobile":"","ocean_menu_typo_line_height":0,"ocean_menu_typo_line_height_tablet":0,"ocean_menu_typo_line_height_mobile":0,"ocean_menu_typo_line_height_unit":"","ocean_menu_typo_spacing":0,"ocean_menu_typo_spacing_tablet":0,"ocean_menu_typo_spacing_mobile":0,"ocean_menu_typo_spacing_unit":"","ocean_menu_link_color":"","ocean_menu_link_color_hover":"","ocean_menu_link_color_active":"","ocean_menu_link_background":"","ocean_menu_link_hover_background":"","ocean_menu_link_active_background":"","ocean_menu_social_links_bg":"","ocean_menu_social_hover_links_bg":"","ocean_menu_social_links_color":"","ocean_menu_social_hover_links_color":"","ocean_disable_title":"on","ocean_disable_heading":"default","ocean_post_title":"","ocean_post_subheading":"","ocean_post_title_style":"","ocean_post_title_background_color":"","ocean_post_title_background":0,"ocean_post_title_bg_image_position":"","ocean_post_title_bg_image_attachment":"","ocean_post_title_bg_image_repeat":"","ocean_post_title_bg_image_size":"","ocean_post_title_height":0,"ocean_post_title_bg_overlay":0.5,"ocean_post_title_bg_overlay_color":"","ocean_disable_breadcrumbs":"default","ocean_breadcrumbs_color":"","ocean_breadcrumbs_separator_color":"","ocean_breadcrumbs_links_color":"","ocean_breadcrumbs_links_hover_color":"","ocean_display_footer_widgets":"default","ocean_display_footer_bottom":"default","ocean_custom_footer_template":"0","footnotes":""},"class_list":["post-111","page","type-page","status-publish","hentry","entry"],"aioseo_notices":[],"_links":{"self":[{"href":"https:\/\/resumewritingservice.de\/deutsch\/wp-json\/wp\/v2\/pages\/111","targetHints":{"allow":["GET"]}}],"collection":[{"href":"https:\/\/resumewritingservice.de\/deutsch\/wp-json\/wp\/v2\/pages"}],"about":[{"href":"https:\/\/resumewritingservice.de\/deutsch\/wp-json\/wp\/v2\/types\/page"}],"author":[{"embeddable":true,"href":"https:\/\/resumewritingservice.de\/deutsch\/wp-json\/wp\/v2\/users\/1"}],"replies":[{"embeddable":true,"href":"https:\/\/resumewritingservice.de\/deutsch\/wp-json\/wp\/v2\/comments?post=111"}],"version-history":[{"count":97,"href":"https:\/\/resumewritingservice.de\/deutsch\/wp-json\/wp\/v2\/pages\/111\/revisions"}],"predecessor-version":[{"id":1350,"href":"https:\/\/resumewritingservice.de\/deutsch\/wp-json\/wp\/v2\/pages\/111\/revisions\/1350"}],"wp:attachment":[{"href":"https:\/\/resumewritingservice.de\/deutsch\/wp-json\/wp\/v2\/media?parent=111"}],"curies":[{"name":"wp","href":"https:\/\/api.w.org\/{rel}","templated":true}]}}